{"id":2,"date":"2013-03-14T17:47:43","date_gmt":"2013-03-14T15:47:43","guid":{"rendered":"http:\/\/www.stoff-center.de.dd18816.kasserver.com\/cms\/?page_id=2"},"modified":"2013-05-12T11:45:55","modified_gmt":"2013-05-12T09:45:55","slug":"sortiment","status":"publish","type":"page","link":"https:\/\/www.stoff-center.de\/cms\/sortiment","title":{"rendered":"Sortiment"},"content":{"rendered":"<p>Unser Sortiment umfasst wie z.B.:<\/p>\n<table width=\"625\" border=\"0\" cellspacing=\"0\" cellpadding=\"0\">\n<tbody>\n<tr>\n<td valign=\"top\" width=\"100\">\n<ul>\n<li>Kleiderstoffe<\/li>\n<li>Bastelwatte<\/li>\n<li>Futterstoffe<\/li>\n<li>Fasching-Stoffe<\/li>\n<li>Kurzwaren<\/li>\n<li>Pl\u00fcschstoffe<\/li>\n<li>Baumwoll-Nessel<\/li>\n<li>Dekostoffe<\/li>\n<li>Baumwoll-Stoffe<\/li>\n<\/ul>\n<\/td>\n<td valign=\"top\" width=\"230\">\n<ul>\n<li>Kn\u00f6pfe<\/li>\n<li>N\u00e4hfaden<\/li>\n<li>Frottee<\/li>\n<li>Patchwork-Stoffe<\/li>\n<li>Tischdecken-Stoffe<\/li>\n<li>Einlagestoffe<\/li>\n<li>Filz<\/li>\n<li>Rei\u00dfverschl\u00fcsse<\/li>\n<\/ul>\n<\/td>\n<\/tr>\n<\/tbody>\n<\/table>\n","protected":false},"excerpt":{"rendered":"<p>Unser Sortiment umfasst wie z.B.: Kleiderstoffe Bastelwatte Futterstoffe Fasching-Stoffe Kurzwaren Pl\u00fcschstoffe Baumwoll-Nessel Dekostoffe Baumwoll-Stoffe Kn\u00f6pfe N\u00e4hfaden Frottee Patchwork-Stoffe Tischdecken-Stoffe Einlagestoffe Filz Rei\u00dfverschl\u00fcsse<\/p>\n","protected":false},"author":1,"featured_media":0,"parent":0,"menu_order":0,"comment_status":"closed","ping_status":"closed","template":"sidebar-page.php","meta":{"footnotes":""},"class_list":["post-2","page","type-page","status-publish","hentry"],"_links":{"self":[{"href":"https:\/\/www.stoff-center.de\/cms\/wp-json\/wp\/v2\/pages\/2","targetHints":{"allow":["GET"]}}],"collection":[{"href":"https:\/\/www.stoff-center.de\/cms\/wp-json\/wp\/v2\/pages"}],"about":[{"href":"https:\/\/www.stoff-center.de\/cms\/wp-json\/wp\/v2\/types\/page"}],"author":[{"embeddable":true,"href":"https:\/\/www.stoff-center.de\/cms\/wp-json\/wp\/v2\/users\/1"}],"replies":[{"embeddable":true,"href":"https:\/\/www.stoff-center.de\/cms\/wp-json\/wp\/v2\/comments?post=2"}],"version-history":[{"count":21,"href":"https:\/\/www.stoff-center.de\/cms\/wp-json\/wp\/v2\/pages\/2\/revisions"}],"predecessor-version":[{"id":48,"href":"https:\/\/www.stoff-center.de\/cms\/wp-json\/wp\/v2\/pages\/2\/revisions\/48"}],"wp:attachment":[{"href":"https:\/\/www.stoff-center.de\/cms\/wp-json\/wp\/v2\/media?parent=2"}],"curies":[{"name":"wp","href":"https:\/\/api.w.org\/{rel}","templated":true}]}}