{"id":30,"date":"2013-03-14T20:31:30","date_gmt":"2013-03-14T18:31:30","guid":{"rendered":"http:\/\/www.stoff-center.de.dd18816.kasserver.com\/cms\/?page_id=30"},"modified":"2013-05-27T17:51:16","modified_gmt":"2013-05-27T15:51:16","slug":"stoffe","status":"publish","type":"page","link":"https:\/\/www.stoff-center.de\/cms\/sortiment\/stoffe","title":{"rendered":"Stoffe"},"content":{"rendered":"<ul>\n<li><strong>Kleiderstoffe<\/strong><br \/>\nBaumwolle, Chiffon, Fleece, Jaquard, Jeans, Jersey, Lederimitat, Leinen, Loden (Walk-Loden), Lurex, Microfaser, Organza, Pannesamt, Samt, Seide, Strickstoffe, Tactel, Taft, Viscose, Walk, Wolle.<\/li>\n<\/ul>\n<ul>\n<li><strong> Nessel (Bw.-)<\/strong><br \/>\n160 cm bis 300 cm Breite, verschiedene St\u00e4rken<\/li>\n<\/ul>\n<ul>\n<li><strong><strong><strong> Patchworkstoffe<\/strong><\/strong><\/strong><\/li>\n<\/ul>\n<ul>\n<li><strong>Pl\u00fcschstoffe<\/strong><br \/>\nBaumwoll-Pl\u00fcsch, Kurzhaar, Langhaar, Locke; viele Farben<\/li>\n<\/ul>\n<ul>\n<li><strong> Tierfell Imitate<\/strong><br \/>\nTierfell, Kurzhaar, Langhaar Zottel, Schafsfell<\/li>\n<\/ul>\n<ul>\n<li><strong>Tischdecken<\/strong>:<br \/>\nTischdeckenstoffe bis 280 cm Breite, abwischbare Stoffe f\u00fcr Tischdecken.<\/li>\n<\/ul>\n<ul>\n<li><strong> Frottee<\/strong>:<br \/>\nuni und gemustert<\/li>\n<\/ul>\n<ul>\n<li><strong> Futterstoffe<\/strong><\/li>\n<\/ul>\n<ul>\n<li><strong> Einlagestoffe<\/strong><br \/>\nEinlage aus Vlies in verschiedenen Qualit\u00e4ten<br \/>\nVliseline zum Aufb\u00fcgeln<br \/>\nVliesofix<\/li>\n<\/ul>\n<ul>\n<li><strong> Faschingsstoffe<br \/>\n<\/strong>Satin, Pailettenstoff, T\u00fcll<strong><br \/>\n<\/strong><\/li>\n<\/ul>\n<ul>\n<li><strong><strong><strong> Dekostoffe<\/strong><\/strong><\/strong><\/li>\n<\/ul>\n<ul>\n<li><strong>Polsterstoffe<\/strong><\/li>\n<\/ul>\n","protected":false},"excerpt":{"rendered":"<p>Kleiderstoffe Baumwolle, Chiffon, Fleece, Jaquard, Jeans, Jersey, Lederimitat, Leinen, Loden (Walk-Loden), Lurex, Microfaser, Organza, Pannesamt, Samt, Seide, Strickstoffe, Tactel, Taft, Viscose, Walk, Wolle. Nessel (Bw.-) 160 cm bis 300 cm Breite, verschiedene St\u00e4rken Patchworkstoffe Pl\u00fcschstoffe Baumwoll-Pl\u00fcsch, Kurzhaar, Langhaar, Locke; viele &hellip; <a href=\"https:\/\/www.stoff-center.de\/cms\/sortiment\/stoffe\">Continue reading <span class=\"meta-nav\">&rarr;<\/span><\/a><\/p>\n","protected":false},"author":1,"featured_media":0,"parent":2,"menu_order":0,"comment_status":"closed","ping_status":"closed","template":"sidebar-page.php","meta":{"footnotes":""},"class_list":["post-30","page","type-page","status-publish","hentry"],"_links":{"self":[{"href":"https:\/\/www.stoff-center.de\/cms\/wp-json\/wp\/v2\/pages\/30","targetHints":{"allow":["GET"]}}],"collection":[{"href":"https:\/\/www.stoff-center.de\/cms\/wp-json\/wp\/v2\/pages"}],"about":[{"href":"https:\/\/www.stoff-center.de\/cms\/wp-json\/wp\/v2\/types\/page"}],"author":[{"embeddable":true,"href":"https:\/\/www.stoff-center.de\/cms\/wp-json\/wp\/v2\/users\/1"}],"replies":[{"embeddable":true,"href":"https:\/\/www.stoff-center.de\/cms\/wp-json\/wp\/v2\/comments?post=30"}],"version-history":[{"count":16,"href":"https:\/\/www.stoff-center.de\/cms\/wp-json\/wp\/v2\/pages\/30\/revisions"}],"predecessor-version":[{"id":55,"href":"https:\/\/www.stoff-center.de\/cms\/wp-json\/wp\/v2\/pages\/30\/revisions\/55"}],"up":[{"embeddable":true,"href":"https:\/\/www.stoff-center.de\/cms\/wp-json\/wp\/v2\/pages\/2"}],"wp:attachment":[{"href":"https:\/\/www.stoff-center.de\/cms\/wp-json\/wp\/v2\/media?parent=30"}],"curies":[{"name":"wp","href":"https:\/\/api.w.org\/{rel}","templated":true}]}}