{"id":35,"date":"2013-03-14T20:33:49","date_gmt":"2013-03-14T18:33:49","guid":{"rendered":"http:\/\/www.stoff-center.de.dd18816.kasserver.com\/cms\/?page_id=35"},"modified":"2013-05-12T11:57:28","modified_gmt":"2013-05-12T09:57:28","slug":"kurzwaren","status":"publish","type":"page","link":"https:\/\/www.stoff-center.de\/cms\/sortiment\/kurzwaren","title":{"rendered":"Kurzwaren"},"content":{"rendered":"<p>Unser Kurzwarensortiment<\/p>\n<p>MEA-Stoff-Center bietet seinen Kunden \u00fcber<br \/>\n100000 N\u00e4h- und Stoffideen,<br \/>\nreichhaltige M\u00f6glichkeiten,<br \/>\nIhren Kleidungs- und Kost\u00fcmwunsch zu kreieren<\/p>\n<p>Wir beraten Sie gerne!<\/p>\n<ul>\n<li>N\u00e4hseide<\/li>\n<li>Rei\u00dfverschl\u00fcsse<\/li>\n<li>Kn\u00f6pfe<\/li>\n<li>B\u00e4nder<\/li>\n<li>Prym-Kurzwaren<\/li>\n<\/ul>\n","protected":false},"excerpt":{"rendered":"<p>Unser Kurzwarensortiment MEA-Stoff-Center bietet seinen Kunden \u00fcber 100000 N\u00e4h- und Stoffideen, reichhaltige M\u00f6glichkeiten, Ihren Kleidungs- und Kost\u00fcmwunsch zu kreieren Wir beraten Sie gerne! N\u00e4hseide Rei\u00dfverschl\u00fcsse Kn\u00f6pfe B\u00e4nder Prym-Kurzwaren<\/p>\n","protected":false},"author":1,"featured_media":0,"parent":2,"menu_order":0,"comment_status":"closed","ping_status":"closed","template":"sidebar-page.php","meta":{"footnotes":""},"class_list":["post-35","page","type-page","status-publish","hentry"],"_links":{"self":[{"href":"https:\/\/www.stoff-center.de\/cms\/wp-json\/wp\/v2\/pages\/35","targetHints":{"allow":["GET"]}}],"collection":[{"href":"https:\/\/www.stoff-center.de\/cms\/wp-json\/wp\/v2\/pages"}],"about":[{"href":"https:\/\/www.stoff-center.de\/cms\/wp-json\/wp\/v2\/types\/page"}],"author":[{"embeddable":true,"href":"https:\/\/www.stoff-center.de\/cms\/wp-json\/wp\/v2\/users\/1"}],"replies":[{"embeddable":true,"href":"https:\/\/www.stoff-center.de\/cms\/wp-json\/wp\/v2\/comments?post=35"}],"version-history":[{"count":6,"href":"https:\/\/www.stoff-center.de\/cms\/wp-json\/wp\/v2\/pages\/35\/revisions"}],"predecessor-version":[{"id":112,"href":"https:\/\/www.stoff-center.de\/cms\/wp-json\/wp\/v2\/pages\/35\/revisions\/112"}],"up":[{"embeddable":true,"href":"https:\/\/www.stoff-center.de\/cms\/wp-json\/wp\/v2\/pages\/2"}],"wp:attachment":[{"href":"https:\/\/www.stoff-center.de\/cms\/wp-json\/wp\/v2\/media?parent=35"}],"curies":[{"name":"wp","href":"https:\/\/api.w.org\/{rel}","templated":true}]}}