{"id":37,"date":"2013-03-14T20:35:16","date_gmt":"2013-03-14T18:35:16","guid":{"rendered":"http:\/\/www.stoff-center.de.dd18816.kasserver.com\/cms\/?page_id=37"},"modified":"2013-03-17T16:27:02","modified_gmt":"2013-03-17T14:27:02","slug":"service","status":"publish","type":"page","link":"https:\/\/www.stoff-center.de\/cms\/service","title":{"rendered":"Service"},"content":{"rendered":"<div id=\"Text1LYR\">\n<p>Unser Service f\u00fcr Sie:<\/p>\n<\/div>\n<ul>\n<li><b>Anfertigung von Rei\u00dfverschl\u00fcssen nach Ihren W\u00fcnschen<\/b><\/li>\n<li><b>Beratung in allen Fragen der Stoffauswahl<\/b><\/li>\n<li><b>Beratung zu Fragen zum Schneidern<\/b><\/li>\n<li><b>Beratung bei Fragen zu Schnittmustern<\/b><\/li>\n<li><b>Fachzeitschriften zum Anschauen und Verkauf<\/b><\/li>\n<li><b>Kinderecke mit Spielzeug und Kinderfilmen<\/b><\/li>\n<\/ul>\n","protected":false},"excerpt":{"rendered":"<p>Unser Service f\u00fcr Sie: Anfertigung von Rei\u00dfverschl\u00fcssen nach Ihren W\u00fcnschen Beratung in allen Fragen der Stoffauswahl Beratung zu Fragen zum Schneidern Beratung bei Fragen zu Schnittmustern Fachzeitschriften zum Anschauen und Verkauf Kinderecke mit Spielzeug und Kinderfilmen<\/p>\n","protected":false},"author":1,"featured_media":0,"parent":0,"menu_order":1,"comment_status":"closed","ping_status":"closed","template":"sidebar-page.php","meta":{"footnotes":""},"class_list":["post-37","page","type-page","status-publish","hentry"],"_links":{"self":[{"href":"https:\/\/www.stoff-center.de\/cms\/wp-json\/wp\/v2\/pages\/37","targetHints":{"allow":["GET"]}}],"collection":[{"href":"https:\/\/www.stoff-center.de\/cms\/wp-json\/wp\/v2\/pages"}],"about":[{"href":"https:\/\/www.stoff-center.de\/cms\/wp-json\/wp\/v2\/types\/page"}],"author":[{"embeddable":true,"href":"https:\/\/www.stoff-center.de\/cms\/wp-json\/wp\/v2\/users\/1"}],"replies":[{"embeddable":true,"href":"https:\/\/www.stoff-center.de\/cms\/wp-json\/wp\/v2\/comments?post=37"}],"version-history":[{"count":9,"href":"https:\/\/www.stoff-center.de\/cms\/wp-json\/wp\/v2\/pages\/37\/revisions"}],"predecessor-version":[{"id":94,"href":"https:\/\/www.stoff-center.de\/cms\/wp-json\/wp\/v2\/pages\/37\/revisions\/94"}],"wp:attachment":[{"href":"https:\/\/www.stoff-center.de\/cms\/wp-json\/wp\/v2\/media?parent=37"}],"curies":[{"name":"wp","href":"https:\/\/api.w.org\/{rel}","templated":true}]}}