{"id":5,"date":"2013-03-14T20:00:13","date_gmt":"2013-03-14T18:00:13","guid":{"rendered":"http:\/\/www.stoff-center.de.dd18816.kasserver.com\/cms\/?page_id=5"},"modified":"2013-03-17T16:24:02","modified_gmt":"2013-03-17T14:24:02","slug":"uber-uns","status":"publish","type":"page","link":"https:\/\/www.stoff-center.de\/cms\/uber-uns","title":{"rendered":"\u00fcber uns"},"content":{"rendered":"<p>Zufriedenheit unserer Kunden, Qualit\u00e4t, gute Beratung und Fachkompetenz sind die Pfeiler, die unser Haus zu dem machten, was es heute ist. Dem f\u00fchlen wir uns verpflichtet.<\/p>\n<p>1987 gegr\u00fcndet, geh\u00f6rt das MEA-Stoff-Center inzwischen zum festen Stamm des W\u00fcrzburger Einzelhandels.<\/p>\n<p>Monika Beyer (Verkauf, Beratung, Gesch\u00e4ftsf\u00fchrung)<\/p>\n<p>bilden den Kern des Familienunternehmens, in dem zur Zeit 9 Personen arbeiten.<\/p>\n","protected":false},"excerpt":{"rendered":"<p>Zufriedenheit unserer Kunden, Qualit\u00e4t, gute Beratung und Fachkompetenz sind die Pfeiler, die unser Haus zu dem machten, was es heute ist. Dem f\u00fchlen wir uns verpflichtet. 1987 gegr\u00fcndet, geh\u00f6rt das MEA-Stoff-Center inzwischen zum festen Stamm des W\u00fcrzburger Einzelhandels. Monika Beyer &hellip; <a href=\"https:\/\/www.stoff-center.de\/cms\/uber-uns\">Continue reading <span class=\"meta-nav\">&rarr;<\/span><\/a><\/p>\n","protected":false},"author":1,"featured_media":0,"parent":0,"menu_order":4,"comment_status":"closed","ping_status":"closed","template":"sidebar-page.php","meta":{"footnotes":""},"class_list":["post-5","page","type-page","status-publish","hentry"],"_links":{"self":[{"href":"https:\/\/www.stoff-center.de\/cms\/wp-json\/wp\/v2\/pages\/5","targetHints":{"allow":["GET"]}}],"collection":[{"href":"https:\/\/www.stoff-center.de\/cms\/wp-json\/wp\/v2\/pages"}],"about":[{"href":"https:\/\/www.stoff-center.de\/cms\/wp-json\/wp\/v2\/types\/page"}],"author":[{"embeddable":true,"href":"https:\/\/www.stoff-center.de\/cms\/wp-json\/wp\/v2\/users\/1"}],"replies":[{"embeddable":true,"href":"https:\/\/www.stoff-center.de\/cms\/wp-json\/wp\/v2\/comments?post=5"}],"version-history":[{"count":9,"href":"https:\/\/www.stoff-center.de\/cms\/wp-json\/wp\/v2\/pages\/5\/revisions"}],"predecessor-version":[{"id":85,"href":"https:\/\/www.stoff-center.de\/cms\/wp-json\/wp\/v2\/pages\/5\/revisions\/85"}],"wp:attachment":[{"href":"https:\/\/www.stoff-center.de\/cms\/wp-json\/wp\/v2\/media?parent=5"}],"curies":[{"name":"wp","href":"https:\/\/api.w.org\/{rel}","templated":true}]}}