{"id":7,"date":"2013-03-14T19:59:59","date_gmt":"2013-03-14T17:59:59","guid":{"rendered":"http:\/\/www.stoff-center.de.dd18816.kasserver.com\/cms\/?page_id=7"},"modified":"2013-03-17T16:23:55","modified_gmt":"2013-03-17T14:23:55","slug":"kontakt","status":"publish","type":"page","link":"https:\/\/www.stoff-center.de\/cms\/kontakt","title":{"rendered":"Kontakt"},"content":{"rendered":"<p>MEA STOFF-CENTER GmbH<br \/>\nMonika Beyer<br \/>\nFriedenstra\u00dfe 7<br \/>\n97072 W\u00fcrzburg<br \/>\nTel. 0931 885244<br \/>\nFax 0931 884119<\/p>\n<div id=\"Text14LYR\">\n<p>\u00d6ffnungszeiten: Mo. &#8211; Fr. 09:00 &#8211; 17:30<\/p>\n<\/div>\n","protected":false},"excerpt":{"rendered":"<p>MEA STOFF-CENTER GmbH Monika Beyer Friedenstra\u00dfe 7 97072 W\u00fcrzburg Tel. 0931 885244 Fax 0931 884119 \u00d6ffnungszeiten: Mo. &#8211; Fr. 09:00 &#8211; 17:30<\/p>\n","protected":false},"author":1,"featured_media":0,"parent":0,"menu_order":3,"comment_status":"closed","ping_status":"closed","template":"sidebar-page.php","meta":{"footnotes":""},"class_list":["post-7","page","type-page","status-publish","hentry"],"_links":{"self":[{"href":"https:\/\/www.stoff-center.de\/cms\/wp-json\/wp\/v2\/pages\/7","targetHints":{"allow":["GET"]}}],"collection":[{"href":"https:\/\/www.stoff-center.de\/cms\/wp-json\/wp\/v2\/pages"}],"about":[{"href":"https:\/\/www.stoff-center.de\/cms\/wp-json\/wp\/v2\/types\/page"}],"author":[{"embeddable":true,"href":"https:\/\/www.stoff-center.de\/cms\/wp-json\/wp\/v2\/users\/1"}],"replies":[{"embeddable":true,"href":"https:\/\/www.stoff-center.de\/cms\/wp-json\/wp\/v2\/comments?post=7"}],"version-history":[{"count":7,"href":"https:\/\/www.stoff-center.de\/cms\/wp-json\/wp\/v2\/pages\/7\/revisions"}],"predecessor-version":[{"id":84,"href":"https:\/\/www.stoff-center.de\/cms\/wp-json\/wp\/v2\/pages\/7\/revisions\/84"}],"wp:attachment":[{"href":"https:\/\/www.stoff-center.de\/cms\/wp-json\/wp\/v2\/media?parent=7"}],"curies":[{"name":"wp","href":"https:\/\/api.w.org\/{rel}","templated":true}]}}