{"id":77,"date":"2013-03-17T16:21:23","date_gmt":"2013-03-17T14:21:23","guid":{"rendered":"http:\/\/www.stoff-center.de\/cms\/?page_id=77"},"modified":"2013-05-12T12:25:08","modified_gmt":"2013-05-12T10:25:08","slug":"impressum","status":"publish","type":"page","link":"https:\/\/www.stoff-center.de\/cms\/impressum","title":{"rendered":"Impressum"},"content":{"rendered":"<div>\n<p><span style=\"color: #000000;\"><strong><span style=\"font-size: small;\">Verantwortlich f\u00fcr die URL stoff-center.de\/ stoff-center.org und deren Inhalt:<\/span><\/strong><\/span><\/p>\n<\/div>\n<div>\n<p><strong>Firma:<br \/>\n<\/strong>MEA STOFF-CENTER GmbH<br \/>\nMonika Beyer<br \/>\nFriedenstra\u00dfe 7<br \/>\n97072 W\u00fcrzburg<\/p>\n<p>Tel. 0931 885244<br \/>\nFax 0931 884119<\/p>\n<p>Rechtsform: GmbH<br \/>\nInhaber: Monika Beyer<br \/>\nUSt-Id. Nr: 134176190<\/p>\n<p><strong>Haftungsausschluss:<\/strong><\/p>\n<p>Bei direkten oder indirekten Verweisen auf fremde Internetseiten (&#8222;Links&#8220;), die au\u00dferhalb des Verantwortungsbereiches des Autors liegen, w\u00fcrde eine Haftungsverpflichtung ausschlie\u00dflich in dem Fall in Kraft treten, in dem der Autor von den Inhalten Kenntnis hat und es ihm technisch m\u00f6glich und zumutbar w\u00e4re, die Nutzung im Falle rechtswidriger Inhalte zu verhindern. Der Autor erkl\u00e4rt daher ausdr\u00fccklich, dass zum Zeitpunkt der Linksetzung die entsprechenden verlinkten Seiten frei von illegalen Inhalten waren. Der Autor hat keinerlei Einfluss auf die aktuelle und zuk\u00fcnftige Gestaltung und auf die Inhalte der gelinkten\/verkn\u00fcpften Seiten. Deshalb distanziert er sich hiermit ausdr\u00fccklich von allen Inhalten aller gelinkten \/verkn\u00fcpften Seiten, die nach der Linksetzung ver\u00e4ndert wurden. Diese Feststellung gilt f\u00fcr alle innerhalb des eigenen Internetangebotes gesetzten Links und Verweise sowie f\u00fcr Fremdeintr\u00e4ge in vom Autor eingerichteten G\u00e4steb\u00fcchern, Diskussionsforen und Mailinglisten.<\/p>\n<p><strong>Urheberrecht:<\/strong><\/p>\n<p>Das Copyright f\u00fcr ver\u00f6ffentlichte, vom Autor selbst erstellte Objekte bleibt allein beim Autor der Seiten. Eine Vervielf\u00e4ltigung oder Verwendung solcher Grafiken, Videosequenzen und Texte in anderen elektronischen oder gedruckten Publikationen ist ohne ausdr\u00fcckliche Zustimmung des Autors nicht gestattet.<\/p>\n<\/div>\n","protected":false},"excerpt":{"rendered":"<p>Verantwortlich f\u00fcr die URL stoff-center.de\/ stoff-center.org und deren Inhalt: Firma: MEA STOFF-CENTER GmbH Monika Beyer Friedenstra\u00dfe 7 97072 W\u00fcrzburg Tel. 0931 885244 Fax 0931 884119 Rechtsform: GmbH Inhaber: Monika Beyer USt-Id. Nr: 134176190 Haftungsausschluss: Bei direkten oder indirekten Verweisen auf &hellip; <a href=\"https:\/\/www.stoff-center.de\/cms\/impressum\">Continue reading <span class=\"meta-nav\">&rarr;<\/span><\/a><\/p>\n","protected":false},"author":1,"featured_media":0,"parent":0,"menu_order":6,"comment_status":"closed","ping_status":"closed","template":"sidebar-page.php","meta":{"footnotes":""},"class_list":["post-77","page","type-page","status-publish","hentry"],"_links":{"self":[{"href":"https:\/\/www.stoff-center.de\/cms\/wp-json\/wp\/v2\/pages\/77","targetHints":{"allow":["GET"]}}],"collection":[{"href":"https:\/\/www.stoff-center.de\/cms\/wp-json\/wp\/v2\/pages"}],"about":[{"href":"https:\/\/www.stoff-center.de\/cms\/wp-json\/wp\/v2\/types\/page"}],"author":[{"embeddable":true,"href":"https:\/\/www.stoff-center.de\/cms\/wp-json\/wp\/v2\/users\/1"}],"replies":[{"embeddable":true,"href":"https:\/\/www.stoff-center.de\/cms\/wp-json\/wp\/v2\/comments?post=77"}],"version-history":[{"count":6,"href":"https:\/\/www.stoff-center.de\/cms\/wp-json\/wp\/v2\/pages\/77\/revisions"}],"predecessor-version":[{"id":115,"href":"https:\/\/www.stoff-center.de\/cms\/wp-json\/wp\/v2\/pages\/77\/revisions\/115"}],"wp:attachment":[{"href":"https:\/\/www.stoff-center.de\/cms\/wp-json\/wp\/v2\/media?parent=77"}],"curies":[{"name":"wp","href":"https:\/\/api.w.org\/{rel}","templated":true}]}}