{"id":8,"date":"2013-03-14T19:59:43","date_gmt":"2013-03-14T17:59:43","guid":{"rendered":"http:\/\/www.stoff-center.de.dd18816.kasserver.com\/cms\/?page_id=8"},"modified":"2013-06-04T11:28:10","modified_gmt":"2013-06-04T09:28:10","slug":"anfahrt","status":"publish","type":"page","link":"https:\/\/www.stoff-center.de\/cms\/anfahrt","title":{"rendered":"Anfahrt"},"content":{"rendered":"<p><strong>So finden Sie uns mit den \u00d6ffentlichen Verkehrsmitteln:<\/strong><br \/>\nvom Hauptbahnhof W\u00fcrzburg mit den Stra\u00dfenbahnlinien 2, 4, 5 bis Barbarossaplatz<br \/>\ndann umsteigen in Buslinie 16 bis Haltestelle S\u00fcdbahnhof \/ LVA<\/p>\n<p><strong>Mit dem Auto (Parkpl\u00e4tze direkt vor der T\u00fcr):<\/strong><\/p>\n<p><iframe loading=\"lazy\" src=\"https:\/\/maps.google.de\/maps?f=q&amp;source=s_q&amp;hl=de&amp;geocode=&amp;q=Friedenstra%C3%9Fe+7+++97072+W%C3%BCrzburg&amp;aq=&amp;sll=48.917413,11.407993&amp;sspn=4.469171,7.668457&amp;t=h&amp;ie=UTF8&amp;hq=&amp;hnear=Friedenstra%C3%9Fe+7,+Sanderau+97072+W%C3%BCrzburg,+Unterfranken,+Bayern&amp;ll=49.788177,9.941854&amp;spn=0.004849,0.00912&amp;z=16&amp;iwloc=A&amp;output=embed\" height=\"350\" width=\"425\" frameborder=\"0\" marginwidth=\"0\" marginheight=\"0\" scrolling=\"no\"><\/iframe><br \/>\n<small><a style=\"color: #0000ff; text-align: left;\" href=\"https:\/\/maps.google.de\/maps?f=q&amp;source=embed&amp;hl=de&amp;geocode=&amp;q=Friedenstra%C3%9Fe+7+++97072+W%C3%BCrzburg&amp;aq=&amp;sll=48.917413,11.407993&amp;sspn=4.469171,7.668457&amp;t=h&amp;ie=UTF8&amp;hq=&amp;hnear=Friedenstra%C3%9Fe+7,+Sanderau+97072+W%C3%BCrzburg,+Unterfranken,+Bayern&amp;ll=49.788177,9.941854&amp;spn=0.004849,0.00912&amp;z=16&amp;iwloc=A\">Gr\u00f6\u00dfere Kartenansicht<\/a><\/small><\/p>\n","protected":false},"excerpt":{"rendered":"<p>So finden Sie uns mit den \u00d6ffentlichen Verkehrsmitteln: vom Hauptbahnhof W\u00fcrzburg mit den Stra\u00dfenbahnlinien 2, 4, 5 bis Barbarossaplatz dann umsteigen in Buslinie 16 bis Haltestelle S\u00fcdbahnhof \/ LVA Mit dem Auto (Parkpl\u00e4tze direkt vor der T\u00fcr): Gr\u00f6\u00dfere Kartenansicht<\/p>\n","protected":false},"author":1,"featured_media":0,"parent":0,"menu_order":2,"comment_status":"closed","ping_status":"closed","template":"sidebar-page.php","meta":{"footnotes":""},"class_list":["post-8","page","type-page","status-publish","hentry"],"_links":{"self":[{"href":"https:\/\/www.stoff-center.de\/cms\/wp-json\/wp\/v2\/pages\/8","targetHints":{"allow":["GET"]}}],"collection":[{"href":"https:\/\/www.stoff-center.de\/cms\/wp-json\/wp\/v2\/pages"}],"about":[{"href":"https:\/\/www.stoff-center.de\/cms\/wp-json\/wp\/v2\/types\/page"}],"author":[{"embeddable":true,"href":"https:\/\/www.stoff-center.de\/cms\/wp-json\/wp\/v2\/users\/1"}],"replies":[{"embeddable":true,"href":"https:\/\/www.stoff-center.de\/cms\/wp-json\/wp\/v2\/comments?post=8"}],"version-history":[{"count":16,"href":"https:\/\/www.stoff-center.de\/cms\/wp-json\/wp\/v2\/pages\/8\/revisions"}],"predecessor-version":[{"id":21,"href":"https:\/\/www.stoff-center.de\/cms\/wp-json\/wp\/v2\/pages\/8\/revisions\/21"}],"wp:attachment":[{"href":"https:\/\/www.stoff-center.de\/cms\/wp-json\/wp\/v2\/media?parent=8"}],"curies":[{"name":"wp","href":"https:\/\/api.w.org\/{rel}","templated":true}]}}